{"id":20,"date":"2023-03-10T15:58:32","date_gmt":"2023-03-10T15:58:32","guid":{"rendered":"https:\/\/coloraink.com\/?page_id=20"},"modified":"2026-01-15T22:00:59","modified_gmt":"2026-01-15T22:00:59","slug":"tintas-off-set","status":"publish","type":"page","link":"https:\/\/coloraink.com\/index.php\/tintas-off-set\/","title":{"rendered":"Tintas Off-Set"},"content":{"rendered":"<p>[et_pb_section fb_built=\u00bb1&#8243; fullwidth=\u00bbon\u00bb _builder_version=\u00bb4.20.0&#8243; _module_preset=\u00bbdefault\u00bb top_divider_style=\u00bbwaves2&#8243; top_divider_color=\u00bbrgba(79,186,239,0.66)\u00bb top_divider_height=\u00bb67px\u00bb animation_style=\u00bbfade\u00bb global_colors_info=\u00bb{}\u00bb][et_pb_fullwidth_image src=\u00bbhttps:\/\/coloraink.com\/wp-content\/uploads\/2023\/03\/TINTAS-OFF-SET-BANNER-TITULO-1.png\u00bb title_text=\u00bbTINTAS OFF SET BANNER TITULO\u00bb admin_label=\u00bbImagen de anchura completa\u00bb _builder_version=\u00bb4.20.0&#8243; _module_preset=\u00bbdefault\u00bb global_colors_info=\u00bb{}\u00bb][\/et_pb_fullwidth_image][\/et_pb_section][et_pb_section fb_built=\u00bb1&#8243; _builder_version=\u00bb4.20.0&#8243; _module_preset=\u00bbdefault\u00bb global_colors_info=\u00bb{}\u00bb][et_pb_row _builder_version=\u00bb4.20.0&#8243; _module_preset=\u00bbdefault\u00bb custom_margin=\u00bb-45px||||false|false\u00bb global_colors_info=\u00bb{}\u00bb][et_pb_column type=\u00bb4_4&#8243; _builder_version=\u00bb4.20.0&#8243; _module_preset=\u00bbdefault\u00bb global_colors_info=\u00bb{}\u00bb][et_pb_text _builder_version=\u00bb4.20.0&#8243; _module_preset=\u00bbdefault\u00bb text_text_color=\u00bb#000000&#8243; text_font_size=\u00bb20px\u00bb text_orientation=\u00bbcenter\u00bb global_colors_info=\u00bb{}\u00bb]<\/p>\n<p><span>Fabricamos policrom\u00eda (cyan, magenta, amarillo, negro) bases CMYK verde, naranja, violeta, reflex, rodhamina, warm red, rojo 032, blanco transparente convencional y litolamina al igual que colores PANTONE.<\/span><\/p>\n<p>[\/et_pb_text][\/et_pb_column][\/et_pb_row][et_pb_row column_structure=\u00bb1_2,1_2&#8243; _builder_version=\u00bb4.20.0&#8243; _module_preset=\u00bbdefault\u00bb animation_style=\u00bbflip\u00bb global_colors_info=\u00bb{}\u00bb][et_pb_column type=\u00bb1_2&#8243; _builder_version=\u00bb4.20.0&#8243; _module_preset=\u00bbdefault\u00bb global_colors_info=\u00bb{}\u00bb][et_pb_blurb title=\u00bbTINTA OFF SET\u00bb url=\u00bbhttps:\/\/coloraink.com\/index.php\/contacto\/\u00bb image_icon_background_color=\u00bbRGBA(255,255,255,0)\u00bb image=\u00bbhttps:\/\/coloraink.com\/wp-content\/uploads\/2023\/03\/TINTA-OFF-SET.png\u00bb _builder_version=\u00bb4.20.0&#8243; _module_preset=\u00bbdefault\u00bb header_text_align=\u00bbcenter\u00bb header_text_color=\u00bb#4FB4EF\u00bb text_orientation=\u00bbcenter\u00bb link_option_url=\u00bbhttps:\/\/coloraink.com\/index.php\/contacto\/\u00bb border_width_all_image=\u00bb2px\u00bb border_color_all_image=\u00bb#4FB4EF\u00bb text_shadow_style=\u00bbpreset3&#8243; global_colors_info=\u00bb{}\u00bb][\/et_pb_blurb][\/et_pb_column][et_pb_column type=\u00bb1_2&#8243; _builder_version=\u00bb4.20.0&#8243; _module_preset=\u00bbdefault\u00bb global_colors_info=\u00bb{}\u00bb][et_pb_blurb title=\u00bbTINTA UV\u00bb url=\u00bbhttps:\/\/coloraink.com\/index.php\/contacto\/\u00bb image_icon_background_color=\u00bbRGBA(255,255,255,0)\u00bb image=\u00bbhttps:\/\/coloraink.com\/wp-content\/uploads\/2023\/03\/TINTA-UV.png\u00bb _builder_version=\u00bb4.20.0&#8243; _module_preset=\u00bbdefault\u00bb header_text_align=\u00bbcenter\u00bb header_text_color=\u00bb#4FB4EF\u00bb text_orientation=\u00bbcenter\u00bb link_option_url=\u00bbhttps:\/\/coloraink.com\/index.php\/contacto\/\u00bb border_width_all_image=\u00bb2px\u00bb border_color_all_image=\u00bb#4FB4EF\u00bb text_shadow_style=\u00bbpreset3&#8243; global_colors_info=\u00bb{}\u00bb][\/et_pb_blurb][\/et_pb_column][\/et_pb_row][et_pb_row _builder_version=\u00bb4.20.0&#8243; _module_preset=\u00bbdefault\u00bb custom_padding=\u00bb0px||0px||true|false\u00bb global_colors_info=\u00bb{}\u00bb theme_builder_area=\u00bbpost_content\u00bb][et_pb_column type=\u00bb4_4&#8243; _builder_version=\u00bb4.20.0&#8243; _module_preset=\u00bbdefault\u00bb global_colors_info=\u00bb{}\u00bb theme_builder_area=\u00bbpost_content\u00bb][et_pb_text _builder_version=\u00bb4.20.0&#8243; _module_preset=\u00bbdefault\u00bb text_text_color=\u00bb#000000&#8243; text_font_size=\u00bb20px\u00bb custom_padding=\u00bb0px||0px||true|false\u00bb hover_enabled=\u00bb0&#8243; global_colors_info=\u00bb{}\u00bb theme_builder_area=\u00bbpost_content\u00bb sticky_enabled=\u00bb0&#8243;]<\/p>\n<p><strong>Productos:<\/strong><br \/>Barniz blanco transparente<br \/>Blanco opaco<br \/>Policrom\u00eda<br \/>Bases<br \/>Colores especiales<br \/>Soluci\u00f3n de fuente<br \/><strong>Beneficios:<\/strong><br \/>Excelente transferencia y estabilidad<br \/>\u00d3ptimo desempe\u00f1o en impresi\u00f3n<br \/>*<em>Ajuste personalizado seg\u00fan requerimientos del cliente<\/em><\/p>\n<p>[\/et_pb_text][\/et_pb_column][\/et_pb_row][\/et_pb_section]<\/p>\n","protected":false},"excerpt":{"rendered":"<p>Fabricamos policrom\u00eda (cyan, magenta, amarillo, negro) bases CMYK verde, naranja, violeta, reflex, rodhamina, warm red, rojo 032, blanco transparente convencional y litolamina al igual que colores PANTONE.Productos:Barniz blanco transparenteBlanco opacoPolicrom\u00edaBasesColores especialesSoluci\u00f3n de fuenteBeneficios:Excelente transferencia y estabilidad\u00d3ptimo desempe\u00f1o en impresi\u00f3n*Ajuste personalizado seg\u00fan requerimientos del cliente<\/p>\n","protected":false},"author":1,"featured_media":0,"parent":0,"menu_order":0,"comment_status":"closed","ping_status":"closed","template":"","meta":{"_et_pb_use_builder":"on","_et_pb_old_content":"<!-- wp:divi\/placeholder \/-->","_et_gb_content_width":""},"_links":{"self":[{"href":"https:\/\/coloraink.com\/index.php\/wp-json\/wp\/v2\/pages\/20"}],"collection":[{"href":"https:\/\/coloraink.com\/index.php\/wp-json\/wp\/v2\/pages"}],"about":[{"href":"https:\/\/coloraink.com\/index.php\/wp-json\/wp\/v2\/types\/page"}],"author":[{"embeddable":true,"href":"https:\/\/coloraink.com\/index.php\/wp-json\/wp\/v2\/users\/1"}],"replies":[{"embeddable":true,"href":"https:\/\/coloraink.com\/index.php\/wp-json\/wp\/v2\/comments?post=20"}],"version-history":[{"count":11,"href":"https:\/\/coloraink.com\/index.php\/wp-json\/wp\/v2\/pages\/20\/revisions"}],"predecessor-version":[{"id":218,"href":"https:\/\/coloraink.com\/index.php\/wp-json\/wp\/v2\/pages\/20\/revisions\/218"}],"wp:attachment":[{"href":"https:\/\/coloraink.com\/index.php\/wp-json\/wp\/v2\/media?parent=20"}],"curies":[{"name":"wp","href":"https:\/\/api.w.org\/{rel}","templated":true}]}}