{"id":22,"date":"2023-03-10T15:58:54","date_gmt":"2023-03-10T15:58:54","guid":{"rendered":"https:\/\/coloraink.com\/?page_id=22"},"modified":"2026-01-15T22:06:08","modified_gmt":"2026-01-15T22:06:08","slug":"tintas-base-agua","status":"publish","type":"page","link":"https:\/\/coloraink.com\/index.php\/tintas-base-agua\/","title":{"rendered":"Tintas Base Agua"},"content":{"rendered":"<p>[et_pb_section fb_built=\u00bb1&#8243; fullwidth=\u00bbon\u00bb _builder_version=\u00bb4.20.0&#8243; _module_preset=\u00bbdefault\u00bb background_enable_image=\u00bboff\u00bb top_divider_style=\u00bbwaves2&#8243; top_divider_color=\u00bbrgba(79,186,239,0.66)\u00bb top_divider_height=\u00bb67px\u00bb animation_style=\u00bbflip\u00bb global_colors_info=\u00bb{}\u00bb][et_pb_fullwidth_image src=\u00bbhttps:\/\/coloraink.com\/wp-content\/uploads\/2023\/03\/TINTAS-BASE-AGUA.png\u00bb title_text=\u00bbTINTAS BASE AGUA\u00bb admin_label=\u00bbImagen de anchura completa\u00bb _builder_version=\u00bb4.20.0&#8243; _module_preset=\u00bbdefault\u00bb global_colors_info=\u00bb{}\u00bb][\/et_pb_fullwidth_image][\/et_pb_section][et_pb_section fb_built=\u00bb1&#8243; _builder_version=\u00bb4.20.0&#8243; _module_preset=\u00bbdefault\u00bb global_colors_info=\u00bb{}\u00bb][et_pb_row _builder_version=\u00bb4.20.0&#8243; _module_preset=\u00bbdefault\u00bb custom_margin=\u00bb-45px||||false|false\u00bb global_colors_info=\u00bb{}\u00bb][et_pb_column type=\u00bb4_4&#8243; _builder_version=\u00bb4.20.0&#8243; _module_preset=\u00bbdefault\u00bb global_colors_info=\u00bb{}\u00bb][et_pb_text _builder_version=\u00bb4.20.0&#8243; _module_preset=\u00bbdefault\u00bb text_text_color=\u00bb#000000&#8243; text_font_size=\u00bb20px\u00bb text_orientation=\u00bbcenter\u00bb global_colors_info=\u00bb{}\u00bb]<\/p>\n<p><span>Fabricamos colores especiales, seg\u00fan especificaci\u00f3n del cliente, para sistema flexograf\u00eda en sustratos absorbentes.<\/span><\/p>\n<p>[\/et_pb_text][\/et_pb_column][\/et_pb_row][et_pb_row _builder_version=\u00bb4.20.0&#8243; _module_preset=\u00bbdefault\u00bb animation_style=\u00bbflip\u00bb global_colors_info=\u00bb{}\u00bb][et_pb_column type=\u00bb4_4&#8243; _builder_version=\u00bb4.20.0&#8243; _module_preset=\u00bbdefault\u00bb global_colors_info=\u00bb{}\u00bb][et_pb_blurb title=\u00bbTINTA BASE AGUA\u00bb url=\u00bbhttps:\/\/coloraink.com\/index.php\/contacto\/\u00bb image_icon_background_color=\u00bbRGBA(255,255,255,0)\u00bb image=\u00bbhttps:\/\/coloraink.com\/wp-content\/uploads\/2023\/03\/TINTA-BASE-AGUA.png\u00bb _builder_version=\u00bb4.20.0&#8243; _module_preset=\u00bbdefault\u00bb header_text_align=\u00bbcenter\u00bb header_text_color=\u00bb#4FB4EF\u00bb text_orientation=\u00bbcenter\u00bb link_option_url=\u00bbhttps:\/\/coloraink.com\/index.php\/contacto\/\u00bb border_width_all_image=\u00bb2px\u00bb border_color_all_image=\u00bb#4FB4EF\u00bb text_shadow_style=\u00bbpreset3&#8243; global_colors_info=\u00bb{}\u00bb][\/et_pb_blurb][\/et_pb_column][\/et_pb_row][et_pb_row _builder_version=\u00bb4.20.0&#8243; _module_preset=\u00bbdefault\u00bb custom_padding=\u00bb0px||0px||true|false\u00bb global_colors_info=\u00bb{}\u00bb theme_builder_area=\u00bbpost_content\u00bb][et_pb_column type=\u00bb4_4&#8243; _builder_version=\u00bb4.20.0&#8243; _module_preset=\u00bbdefault\u00bb global_colors_info=\u00bb{}\u00bb theme_builder_area=\u00bbpost_content\u00bb][et_pb_text _builder_version=\u00bb4.20.0&#8243; _module_preset=\u00bbdefault\u00bb text_text_color=\u00bb#000000&#8243; text_font_size=\u00bb20px\u00bb custom_padding=\u00bb0px||0px||true|false\u00bb hover_enabled=\u00bb0&#8243; global_colors_info=\u00bb{}\u00bb theme_builder_area=\u00bbpost_content\u00bb sticky_enabled=\u00bb0&#8243;]<\/p>\n<p><strong>TINTAS FLEXO AGUA ABSORBENT Para papeles absorbentes.<\/strong><br \/><strong><\/strong><\/p>\n<p><strong>Productos:<\/strong><br \/>Tintas GCMI<br \/>Colores especiales<br \/>Bases<br \/>Extender<br \/>Ventajas:<br \/>Secado eficiente<br \/>Alta definici\u00f3n<br \/>Amigables con el medio ambiente<br \/>Ideales para papel y cart\u00f3n.<\/p>\n<p><strong>TINTAS FLEXO AGUA HD<\/strong> Para sustratos poco absorbentes<\/p>\n<p><strong> Productos:<\/strong><br \/>Policrom\u00eda<br \/>Colores especiales<br \/>Caracter\u00edsticas:<br \/>Alta densidad de color<br \/>Excelente adherencia<br \/>Rendimiento superior<\/p>\n<p>[\/et_pb_text][\/et_pb_column][\/et_pb_row][\/et_pb_section]<\/p>\n","protected":false},"excerpt":{"rendered":"<p>Fabricamos colores especiales, seg\u00fan especificaci\u00f3n del cliente, para sistema flexograf\u00eda en sustratos absorbentes.TINTAS FLEXO AGUA ABSORBENT Para papeles absorbentes. Productos:Tintas GCMIColores especialesBasesExtenderVentajas:Secado eficienteAlta definici\u00f3nAmigables con el medio ambienteIdeales para papel y cart\u00f3n. TINTAS FLEXO AGUA HD Para sustratos poco absorbentes Productos:Policrom\u00edaColores especialesCaracter\u00edsticas:Alta densidad de colorExcelente adherenciaRendimiento superior<\/p>\n","protected":false},"author":1,"featured_media":0,"parent":0,"menu_order":0,"comment_status":"closed","ping_status":"closed","template":"","meta":{"_et_pb_use_builder":"on","_et_pb_old_content":"<!-- wp:divi\/placeholder \/-->","_et_gb_content_width":""},"_links":{"self":[{"href":"https:\/\/coloraink.com\/index.php\/wp-json\/wp\/v2\/pages\/22"}],"collection":[{"href":"https:\/\/coloraink.com\/index.php\/wp-json\/wp\/v2\/pages"}],"about":[{"href":"https:\/\/coloraink.com\/index.php\/wp-json\/wp\/v2\/types\/page"}],"author":[{"embeddable":true,"href":"https:\/\/coloraink.com\/index.php\/wp-json\/wp\/v2\/users\/1"}],"replies":[{"embeddable":true,"href":"https:\/\/coloraink.com\/index.php\/wp-json\/wp\/v2\/comments?post=22"}],"version-history":[{"count":7,"href":"https:\/\/coloraink.com\/index.php\/wp-json\/wp\/v2\/pages\/22\/revisions"}],"predecessor-version":[{"id":220,"href":"https:\/\/coloraink.com\/index.php\/wp-json\/wp\/v2\/pages\/22\/revisions\/220"}],"wp:attachment":[{"href":"https:\/\/coloraink.com\/index.php\/wp-json\/wp\/v2\/media?parent=22"}],"curies":[{"name":"wp","href":"https:\/\/api.w.org\/{rel}","templated":true}]}}