{"id":26,"date":"2023-03-10T15:59:45","date_gmt":"2023-03-10T15:59:45","guid":{"rendered":"https:\/\/coloraink.com\/?page_id=26"},"modified":"2026-01-15T22:10:49","modified_gmt":"2026-01-15T22:10:49","slug":"limpiadores","status":"publish","type":"page","link":"https:\/\/coloraink.com\/index.php\/limpiadores\/","title":{"rendered":"Limpiadores"},"content":{"rendered":"<p>[et_pb_section fb_built=\u00bb1&#8243; fullwidth=\u00bbon\u00bb _builder_version=\u00bb4.20.0&#8243; _module_preset=\u00bbdefault\u00bb background_enable_image=\u00bboff\u00bb top_divider_style=\u00bbwaves2&#8243; top_divider_color=\u00bbrgba(79,186,239,0.66)\u00bb top_divider_height=\u00bb67px\u00bb animation_style=\u00bbfade\u00bb global_colors_info=\u00bb{}\u00bb][et_pb_fullwidth_image src=\u00bbhttps:\/\/coloraink.com\/wp-content\/uploads\/2023\/03\/LIMPIADORES-COLORA.png\u00bb title_text=\u00bbLIMPIADORES COLORA\u00bb admin_label=\u00bbImagen de anchura completa\u00bb _builder_version=\u00bb4.20.0&#8243; _module_preset=\u00bbdefault\u00bb animation_style=\u00bbfade\u00bb global_colors_info=\u00bb{}\u00bb][\/et_pb_fullwidth_image][\/et_pb_section][et_pb_section fb_built=\u00bb1&#8243; _builder_version=\u00bb4.20.0&#8243; _module_preset=\u00bbdefault\u00bb global_colors_info=\u00bb{}\u00bb][et_pb_row _builder_version=\u00bb4.20.0&#8243; _module_preset=\u00bbdefault\u00bb custom_margin=\u00bb-45px||||false|false\u00bb global_colors_info=\u00bb{}\u00bb][et_pb_column type=\u00bb4_4&#8243; _builder_version=\u00bb4.20.0&#8243; _module_preset=\u00bbdefault\u00bb global_colors_info=\u00bb{}\u00bb][et_pb_text _builder_version=\u00bb4.20.0&#8243; _module_preset=\u00bbdefault\u00bb text_text_color=\u00bb#000000&#8243; text_font_size=\u00bb20px\u00bb text_orientation=\u00bbcenter\u00bb global_colors_info=\u00bb{}\u00bb]<\/p>\n<p><span>Fabricamos limpiadores para tintas Uv, para tintas OFF-SET, limpiador de anilox, renovador de bateria offset.<\/span><\/p>\n<p>[\/et_pb_text][\/et_pb_column][\/et_pb_row][et_pb_row column_structure=\u00bb1_2,1_2&#8243; _builder_version=\u00bb4.20.0&#8243; _module_preset=\u00bbdefault\u00bb animation_style=\u00bbflip\u00bb global_colors_info=\u00bb{}\u00bb][et_pb_column type=\u00bb1_2&#8243; _builder_version=\u00bb4.20.0&#8243; _module_preset=\u00bbdefault\u00bb global_colors_info=\u00bb{}\u00bb][et_pb_blurb title=\u00bbLIMPIADOR UV Hc8&#8243; url=\u00bbhttps:\/\/coloraink.com\/index.php\/contacto\/\u00bb image_icon_background_color=\u00bbRGBA(255,255,255,0)\u00bb image=\u00bbhttps:\/\/coloraink.com\/wp-content\/uploads\/2023\/03\/LIMPIADOR-UV-HC8.png\u00bb _builder_version=\u00bb4.20.0&#8243; _module_preset=\u00bbdefault\u00bb header_text_align=\u00bbcenter\u00bb header_text_color=\u00bb#4FB4EF\u00bb text_orientation=\u00bbcenter\u00bb link_option_url=\u00bbhttps:\/\/coloraink.com\/index.php\/contacto\/\u00bb border_width_all_image=\u00bb2px\u00bb border_color_all_image=\u00bb#4FB4EF\u00bb text_shadow_style=\u00bbpreset3&#8243; global_colors_info=\u00bb{}\u00bb][\/et_pb_blurb][\/et_pb_column][et_pb_column type=\u00bb1_2&#8243; _builder_version=\u00bb4.20.0&#8243; _module_preset=\u00bbdefault\u00bb global_colors_info=\u00bb{}\u00bb][et_pb_blurb title=\u00bbLIMPIADOR DE ANILOX Hc2&#8243; url=\u00bbhttps:\/\/coloraink.com\/index.php\/contacto\/\u00bb image_icon_background_color=\u00bbRGBA(255,255,255,0)\u00bb image=\u00bbhttps:\/\/coloraink.com\/wp-content\/uploads\/2023\/03\/LIMPIADOR-ANILOX-HC2.png\u00bb _builder_version=\u00bb4.20.0&#8243; _module_preset=\u00bbdefault\u00bb header_text_align=\u00bbcenter\u00bb header_text_color=\u00bb#4FB4EF\u00bb text_orientation=\u00bbcenter\u00bb link_option_url=\u00bbhttps:\/\/coloraink.com\/index.php\/contacto\/\u00bb border_width_all_image=\u00bb2px\u00bb border_color_all_image=\u00bb#4FB4EF\u00bb text_shadow_style=\u00bbpreset3&#8243; global_colors_info=\u00bb{}\u00bb][\/et_pb_blurb][\/et_pb_column][\/et_pb_row][et_pb_row _builder_version=\u00bb4.20.0&#8243; _module_preset=\u00bbdefault\u00bb custom_padding=\u00bb0px||0px||true|false\u00bb global_colors_info=\u00bb{}\u00bb theme_builder_area=\u00bbpost_content\u00bb][et_pb_column type=\u00bb4_4&#8243; _builder_version=\u00bb4.20.0&#8243; _module_preset=\u00bbdefault\u00bb global_colors_info=\u00bb{}\u00bb theme_builder_area=\u00bbpost_content\u00bb][et_pb_text _builder_version=\u00bb4.20.0&#8243; _module_preset=\u00bbdefault\u00bb text_text_color=\u00bb#000000&#8243; text_font_size=\u00bb20px\u00bb custom_padding=\u00bb0px||0px||true|false\u00bb hover_enabled=\u00bb0&#8243; global_colors_info=\u00bb{}\u00bb theme_builder_area=\u00bbpost_content\u00bb sticky_enabled=\u00bb0&#8243;]<\/p>\n<p><strong>LIMPIADORES INDUSTRIALES<\/strong><\/p>\n<p><strong>Productos:<\/strong><br \/>Limpiador de anilox<br \/>Limpiador para ultrasonido<br \/>Limpiador UV<br \/>Limpiador offset ecol\u00f3gico<br \/>Limpiador offset convencional<br \/>Beneficios:<br \/>Limpieza profunda<br \/>Prolonga la vida \u00fatil de equipos<br \/>Opciones ecol\u00f3gicas disponibles<\/p>\n<p>[\/et_pb_text][\/et_pb_column][\/et_pb_row][\/et_pb_section]<\/p>\n","protected":false},"excerpt":{"rendered":"<p>Fabricamos limpiadores para tintas Uv, para tintas OFF-SET, limpiador de anilox, renovador de bateria offset.LIMPIADORES INDUSTRIALES Productos:Limpiador de aniloxLimpiador para ultrasonidoLimpiador UVLimpiador offset ecol\u00f3gicoLimpiador offset convencionalBeneficios:Limpieza profundaProlonga la vida \u00fatil de equiposOpciones ecol\u00f3gicas disponibles<\/p>\n","protected":false},"author":1,"featured_media":0,"parent":0,"menu_order":0,"comment_status":"closed","ping_status":"closed","template":"","meta":{"_et_pb_use_builder":"on","_et_pb_old_content":"<!-- wp:divi\/placeholder \/-->","_et_gb_content_width":""},"_links":{"self":[{"href":"https:\/\/coloraink.com\/index.php\/wp-json\/wp\/v2\/pages\/26"}],"collection":[{"href":"https:\/\/coloraink.com\/index.php\/wp-json\/wp\/v2\/pages"}],"about":[{"href":"https:\/\/coloraink.com\/index.php\/wp-json\/wp\/v2\/types\/page"}],"author":[{"embeddable":true,"href":"https:\/\/coloraink.com\/index.php\/wp-json\/wp\/v2\/users\/1"}],"replies":[{"embeddable":true,"href":"https:\/\/coloraink.com\/index.php\/wp-json\/wp\/v2\/comments?post=26"}],"version-history":[{"count":6,"href":"https:\/\/coloraink.com\/index.php\/wp-json\/wp\/v2\/pages\/26\/revisions"}],"predecessor-version":[{"id":222,"href":"https:\/\/coloraink.com\/index.php\/wp-json\/wp\/v2\/pages\/26\/revisions\/222"}],"wp:attachment":[{"href":"https:\/\/coloraink.com\/index.php\/wp-json\/wp\/v2\/media?parent=26"}],"curies":[{"name":"wp","href":"https:\/\/api.w.org\/{rel}","templated":true}]}}